{"id":20137,"date":"2025-12-10T09:32:49","date_gmt":"2025-12-10T12:32:49","guid":{"rendered":"https:\/\/symepis.com.br\/loja\/?post_type=product&#038;p=20137"},"modified":"2025-12-10T09:32:49","modified_gmt":"2025-12-10T12:32:49","slug":"palmilha-de-gel-pu-anatomica-confortavel","status":"publish","type":"product","link":"https:\/\/symepis.com.br\/loja\/produto\/palmilha-de-gel-pu-anatomica-confortavel\/","title":{"rendered":"PALMILHA DE GEL PU ANATOMICA CONFORTAVEL"},"content":{"rendered":"<p class=\"p\"><b>O Segredo para o M\u00e1ximo Conforto e Sa\u00fade dos Seus P\u00e9s!<\/b><\/p>\n<p class=\"p\">Transforme qualquer cal\u00e7ado em uma experi\u00eancia de conforto superior com a Palmilha de Gel PU Anat\u00f4mica da Masterboots. Projetada para oferecer o m\u00e1ximo de suporte e absor\u00e7\u00e3o de impacto, esta palmilha \u00e9 ideal para quem passa longos per\u00edodos em p\u00e9, pratica atividades f\u00edsicas ou simplesmente busca aliviar o stress di\u00e1rio nos p\u00e9s e articula\u00e7\u00f5es.<\/p>\n<p class=\"p\"><b>Benef\u00edcios e Caracter\u00edsticas Principais:<\/b><\/p>\n<p class=\"p\"><b>Anat\u00f4mica e Ortop\u00e9dica:<\/b>\u00a0O design se adapta perfeitamente \u00e0 curvatura do p\u00e9, corrigindo a postura e distribuindo o peso de forma uniforme.<\/p>\n<p class=\"p\"><b>Material de Alta Tecnologia:<\/b>\u00a0Confeccionada em Gel e Poliuretano (PU), proporciona excelente amortecimento e maciez, reduzindo o impacto em joelhos, tornozelos e coluna.<\/p>\n<p class=\"p\"><b>Conforto Imediato:<\/b>\u00a0Oferece uma sensa\u00e7\u00e3o agrad\u00e1vel e confort\u00e1vel desde o primeiro uso.<\/p>\n<p class=\"p\"><b>Versatilidade:<\/b>\u00a0Ideal para ser usada em qualquer tipo de cal\u00e7ado, desde t\u00eanis casuais at\u00e9 botas de trabalho.<\/p>\n\n    <div class=\"xs_social_share_widget xs_share_url after_content \t\tmain_content  wslu-style-1 wslu-share-box-shaped wslu-fill-colored wslu-none wslu-share-horizontal wslu-theme-font-no wslu-main_content\">\n\n\t\t\n        <ul>\n\t\t\t        <\/ul>\n    <\/div> \n","protected":false},"excerpt":{"rendered":"<p>O Segredo para o M\u00e1ximo Conforto e Sa\u00fade dos Seus P\u00e9s! Transforme qualquer cal\u00e7ado em uma experi\u00eancia de conforto superior com a Palmilha de Gel PU Anat\u00f4mica da Masterboots. Projetada para oferecer o m\u00e1ximo de suporte e absor\u00e7\u00e3o de impacto, esta palmilha \u00e9 ideal para quem passa longos per\u00edodos em p\u00e9, pratica atividades f\u00edsicas ou [&hellip;]<\/p>\n","protected":false},"featured_media":20138,"comment_status":"open","ping_status":"closed","template":"","meta":{"postBodyCss":"","postBodyMargin":[],"postBodyPadding":[],"postBodyBackground":{"backgroundType":"classic","gradient":""}},"product_brand":[],"product_cat":[494,473],"product_tag":[],"class_list":{"0":"post-20137","1":"product","2":"type-product","3":"status-publish","4":"has-post-thumbnail","6":"product_cat-ergonomia","7":"product_cat-protecao-aos-pes","9":"first","10":"instock","11":"featured","12":"taxable","13":"shipping-taxable","14":"purchasable","15":"product-type-variable"},"_links":{"self":[{"href":"https:\/\/symepis.com.br\/loja\/wp-json\/wp\/v2\/product\/20137","targetHints":{"allow":["GET"]}}],"collection":[{"href":"https:\/\/symepis.com.br\/loja\/wp-json\/wp\/v2\/product"}],"about":[{"href":"https:\/\/symepis.com.br\/loja\/wp-json\/wp\/v2\/types\/product"}],"replies":[{"embeddable":true,"href":"https:\/\/symepis.com.br\/loja\/wp-json\/wp\/v2\/comments?post=20137"}],"wp:featuredmedia":[{"embeddable":true,"href":"https:\/\/symepis.com.br\/loja\/wp-json\/wp\/v2\/media\/20138"}],"wp:attachment":[{"href":"https:\/\/symepis.com.br\/loja\/wp-json\/wp\/v2\/media?parent=20137"}],"wp:term":[{"taxonomy":"product_brand","embeddable":true,"href":"https:\/\/symepis.com.br\/loja\/wp-json\/wp\/v2\/product_brand?post=20137"},{"taxonomy":"product_cat","embeddable":true,"href":"https:\/\/symepis.com.br\/loja\/wp-json\/wp\/v2\/product_cat?post=20137"},{"taxonomy":"product_tag","embeddable":true,"href":"https:\/\/symepis.com.br\/loja\/wp-json\/wp\/v2\/product_tag?post=20137"}],"curies":[{"name":"wp","href":"https:\/\/api.w.org\/{rel}","templated":true}]}}