{"id":20129,"date":"2025-12-09T17:36:51","date_gmt":"2025-12-09T20:36:51","guid":{"rendered":"https:\/\/symepis.com.br\/loja\/?post_type=product&#038;p=20129"},"modified":"2025-12-09T17:36:51","modified_gmt":"2025-12-09T20:36:51","slug":"cinta-ergonomica-ergo-neon-laranja-canny","status":"publish","type":"product","link":"https:\/\/symepis.com.br\/loja\/produto\/cinta-ergonomica-ergo-neon-laranja-canny\/","title":{"rendered":"CINTA ERGONOMICA ERGO NEON LARANJA &#8211; CANNY"},"content":{"rendered":"<p>Cinta ergon\u00f4mica confeccionada em el\u00e1stico refor\u00e7ado, costura em nylon de alta resist\u00eancia que garante durabilidade, hastes de PVC male\u00e1vel na regi\u00e3o lombar para evitar deforma\u00e7\u00e3o da faixa lombar, acolchoamento interno na regi\u00e3o lombar para melhor conforto, faixa refletiva para melhor visibilidade, possui ajuste duplo, suspens\u00f3rios confeccionados em el\u00e1stico com regulagem de comprimento e velcro de m\u00e1xima ader\u00eancia<\/p>\n\n    <div class=\"xs_social_share_widget xs_share_url after_content \t\tmain_content  wslu-style-1 wslu-share-box-shaped wslu-fill-colored wslu-none wslu-share-horizontal wslu-theme-font-no wslu-main_content\">\n\n\t\t\n        <ul>\n\t\t\t        <\/ul>\n    <\/div> \n","protected":false},"excerpt":{"rendered":"<p>Cinta ergon\u00f4mica confeccionada em el\u00e1stico refor\u00e7ado, costura em nylon de alta resist\u00eancia que garante durabilidade, hastes de PVC male\u00e1vel na regi\u00e3o lombar para evitar deforma\u00e7\u00e3o da faixa lombar, acolchoamento interno na regi\u00e3o lombar para melhor conforto, faixa refletiva para melhor visibilidade, possui ajuste duplo, suspens\u00f3rios confeccionados em el\u00e1stico com regulagem de comprimento e velcro de [&hellip;]<\/p>\n","protected":false},"featured_media":20130,"comment_status":"open","ping_status":"closed","template":"","meta":{"postBodyCss":"","postBodyMargin":[],"postBodyPadding":[],"postBodyBackground":{"backgroundType":"classic","gradient":""}},"product_brand":[481],"product_cat":[494,309],"product_tag":[],"class_list":{"0":"post-20129","1":"product","2":"type-product","3":"status-publish","4":"has-post-thumbnail","6":"product_brand-danny","7":"product_cat-ergonomia","8":"product_cat-vestuario-de-protecao","10":"first","11":"instock","12":"taxable","13":"shipping-taxable","14":"purchasable","15":"product-type-variable"},"_links":{"self":[{"href":"https:\/\/symepis.com.br\/loja\/wp-json\/wp\/v2\/product\/20129","targetHints":{"allow":["GET"]}}],"collection":[{"href":"https:\/\/symepis.com.br\/loja\/wp-json\/wp\/v2\/product"}],"about":[{"href":"https:\/\/symepis.com.br\/loja\/wp-json\/wp\/v2\/types\/product"}],"replies":[{"embeddable":true,"href":"https:\/\/symepis.com.br\/loja\/wp-json\/wp\/v2\/comments?post=20129"}],"wp:featuredmedia":[{"embeddable":true,"href":"https:\/\/symepis.com.br\/loja\/wp-json\/wp\/v2\/media\/20130"}],"wp:attachment":[{"href":"https:\/\/symepis.com.br\/loja\/wp-json\/wp\/v2\/media?parent=20129"}],"wp:term":[{"taxonomy":"product_brand","embeddable":true,"href":"https:\/\/symepis.com.br\/loja\/wp-json\/wp\/v2\/product_brand?post=20129"},{"taxonomy":"product_cat","embeddable":true,"href":"https:\/\/symepis.com.br\/loja\/wp-json\/wp\/v2\/product_cat?post=20129"},{"taxonomy":"product_tag","embeddable":true,"href":"https:\/\/symepis.com.br\/loja\/wp-json\/wp\/v2\/product_tag?post=20129"}],"curies":[{"name":"wp","href":"https:\/\/api.w.org\/{rel}","templated":true}]}}