{"id":20109,"date":"2025-12-09T16:39:00","date_gmt":"2025-12-09T19:39:00","guid":{"rendered":"https:\/\/symepis.com.br\/loja\/?post_type=product&#038;p=20109"},"modified":"2025-12-09T16:39:01","modified_gmt":"2025-12-09T19:39:01","slug":"tesoura-multi-uso-cabo-plastico-23-cm-vonder","status":"publish","type":"product","link":"https:\/\/symepis.com.br\/loja\/produto\/tesoura-multi-uso-cabo-plastico-23-cm-vonder\/","title":{"rendered":"TESOURA MULTI USO CABO PLASTICO 23 CM VONDER"},"content":{"rendered":"<div class=\"application\">\n<p>Indicada para cortes em geral.<\/p>\n<\/div>\n<div class=\"spotlight\">\n<p>Possui parte interna do cabo emborrachada e com formato ergon\u00f4mico, proporcionando maior conforto ao usu\u00e1rio, al\u00e9m de l\u00e2mina em a\u00e7o inox, que confere maior durabilidade.<\/p>\n<\/div>\n\n    <div class=\"xs_social_share_widget xs_share_url after_content \t\tmain_content  wslu-style-1 wslu-share-box-shaped wslu-fill-colored wslu-none wslu-share-horizontal wslu-theme-font-no wslu-main_content\">\n\n\t\t\n        <ul>\n\t\t\t        <\/ul>\n    <\/div> \n","protected":false},"excerpt":{"rendered":"<p>Indicada para cortes em geral. Possui parte interna do cabo emborrachada e com formato ergon\u00f4mico, proporcionando maior conforto ao usu\u00e1rio, al\u00e9m de l\u00e2mina em a\u00e7o inox, que confere maior durabilidade.<\/p>\n","protected":false},"featured_media":20110,"comment_status":"open","ping_status":"closed","template":"","meta":{"postBodyCss":"","postBodyMargin":[],"postBodyPadding":[],"postBodyBackground":{"backgroundType":"classic","gradient":""}},"product_brand":[488],"product_cat":[494,491],"product_tag":[],"class_list":{"0":"post-20109","1":"product","2":"type-product","3":"status-publish","4":"has-post-thumbnail","6":"product_brand-vonder","7":"product_cat-ergonomia","8":"product_cat-lanternas-utilidades-e-ferramentas","10":"first","11":"instock","12":"taxable","13":"shipping-taxable","14":"purchasable","15":"product-type-simple"},"_links":{"self":[{"href":"https:\/\/symepis.com.br\/loja\/wp-json\/wp\/v2\/product\/20109","targetHints":{"allow":["GET"]}}],"collection":[{"href":"https:\/\/symepis.com.br\/loja\/wp-json\/wp\/v2\/product"}],"about":[{"href":"https:\/\/symepis.com.br\/loja\/wp-json\/wp\/v2\/types\/product"}],"replies":[{"embeddable":true,"href":"https:\/\/symepis.com.br\/loja\/wp-json\/wp\/v2\/comments?post=20109"}],"wp:featuredmedia":[{"embeddable":true,"href":"https:\/\/symepis.com.br\/loja\/wp-json\/wp\/v2\/media\/20110"}],"wp:attachment":[{"href":"https:\/\/symepis.com.br\/loja\/wp-json\/wp\/v2\/media?parent=20109"}],"wp:term":[{"taxonomy":"product_brand","embeddable":true,"href":"https:\/\/symepis.com.br\/loja\/wp-json\/wp\/v2\/product_brand?post=20109"},{"taxonomy":"product_cat","embeddable":true,"href":"https:\/\/symepis.com.br\/loja\/wp-json\/wp\/v2\/product_cat?post=20109"},{"taxonomy":"product_tag","embeddable":true,"href":"https:\/\/symepis.com.br\/loja\/wp-json\/wp\/v2\/product_tag?post=20109"}],"curies":[{"name":"wp","href":"https:\/\/api.w.org\/{rel}","templated":true}]}}