{"id":20103,"date":"2025-12-09T16:32:28","date_gmt":"2025-12-09T19:32:28","guid":{"rendered":"https:\/\/symepis.com.br\/loja\/?post_type=product&#038;p=20103"},"modified":"2025-12-09T16:32:29","modified_gmt":"2025-12-09T19:32:29","slug":"joelheira-de-protecao-com-gel-vonder","status":"publish","type":"product","link":"https:\/\/symepis.com.br\/loja\/produto\/joelheira-de-protecao-com-gel-vonder\/","title":{"rendered":"JOELHEIRA DE PROTE\u00c7\u00c3O COM GEL &#8211; VONDER"},"content":{"rendered":"<div class=\"package_content\">\n<h3 class=\"ng-star-inserted\">Conte\u00fado da embalagem:<\/h3>\n<p>1 Par de joelheiras.<\/p>\n<\/div>\n<div class=\"application\">\n<p>Indicada para trabalhos gerais de constru\u00e7\u00e3o civil.<\/p>\n<\/div>\n<div class=\"spotlight\">\n<p>Fabricada em tecido, com prote\u00e7\u00e3o em material pl\u00e1stico na mesma cor do tecido e fixado atrav\u00e9s de duas tiras el\u00e1sticas com sistema fixa f\u00e1cil macio. Parte interna com gel, oferecendo maior prote\u00e7\u00e3o ao usu\u00e1rio e permitindo maior tempo dos trabalhos em qualquer tipo de solo.<\/p>\n<\/div>\n\n    <div class=\"xs_social_share_widget xs_share_url after_content \t\tmain_content  wslu-style-1 wslu-share-box-shaped wslu-fill-colored wslu-none wslu-share-horizontal wslu-theme-font-no wslu-main_content\">\n\n\t\t\n        <ul>\n\t\t\t        <\/ul>\n    <\/div> \n","protected":false},"excerpt":{"rendered":"<p>Conte\u00fado da embalagem: 1 Par de joelheiras. Indicada para trabalhos gerais de constru\u00e7\u00e3o civil. Fabricada em tecido, com prote\u00e7\u00e3o em material pl\u00e1stico na mesma cor do tecido e fixado atrav\u00e9s de duas tiras el\u00e1sticas com sistema fixa f\u00e1cil macio. Parte interna com gel, oferecendo maior prote\u00e7\u00e3o ao usu\u00e1rio e permitindo maior tempo dos trabalhos em [&hellip;]<\/p>\n","protected":false},"featured_media":20104,"comment_status":"open","ping_status":"closed","template":"","meta":{"postBodyCss":"","postBodyMargin":[],"postBodyPadding":[],"postBodyBackground":{"backgroundType":"classic","gradient":""}},"product_brand":[488],"product_cat":[494,491],"product_tag":[],"class_list":{"0":"post-20103","1":"product","2":"type-product","3":"status-publish","4":"has-post-thumbnail","6":"product_brand-vonder","7":"product_cat-ergonomia","8":"product_cat-lanternas-utilidades-e-ferramentas","10":"first","11":"instock","12":"featured","13":"taxable","14":"shipping-taxable","15":"purchasable","16":"product-type-simple"},"_links":{"self":[{"href":"https:\/\/symepis.com.br\/loja\/wp-json\/wp\/v2\/product\/20103","targetHints":{"allow":["GET"]}}],"collection":[{"href":"https:\/\/symepis.com.br\/loja\/wp-json\/wp\/v2\/product"}],"about":[{"href":"https:\/\/symepis.com.br\/loja\/wp-json\/wp\/v2\/types\/product"}],"replies":[{"embeddable":true,"href":"https:\/\/symepis.com.br\/loja\/wp-json\/wp\/v2\/comments?post=20103"}],"wp:featuredmedia":[{"embeddable":true,"href":"https:\/\/symepis.com.br\/loja\/wp-json\/wp\/v2\/media\/20104"}],"wp:attachment":[{"href":"https:\/\/symepis.com.br\/loja\/wp-json\/wp\/v2\/media?parent=20103"}],"wp:term":[{"taxonomy":"product_brand","embeddable":true,"href":"https:\/\/symepis.com.br\/loja\/wp-json\/wp\/v2\/product_brand?post=20103"},{"taxonomy":"product_cat","embeddable":true,"href":"https:\/\/symepis.com.br\/loja\/wp-json\/wp\/v2\/product_cat?post=20103"},{"taxonomy":"product_tag","embeddable":true,"href":"https:\/\/symepis.com.br\/loja\/wp-json\/wp\/v2\/product_tag?post=20103"}],"curies":[{"name":"wp","href":"https:\/\/api.w.org\/{rel}","templated":true}]}}