{"id":20015,"date":"2025-12-08T14:28:36","date_gmt":"2025-12-08T17:28:36","guid":{"rendered":"https:\/\/symepis.com.br\/loja\/?post_type=product&#038;p=20015"},"modified":"2025-12-08T15:11:48","modified_gmt":"2025-12-08T18:11:48","slug":"botina-cad-nobuck-ca-42465-protefort","status":"publish","type":"product","link":"https:\/\/symepis.com.br\/loja\/produto\/botina-cad-nobuck-ca-42465-protefort\/","title":{"rendered":"BOTINA CAD NOBUCK CA 42465 PROTEFORT"},"content":{"rendered":"<p>Cal\u00e7ado ocupacional de uso profissional, modelo derby, fechamento em cadar\u00e7o e cano acolchoado. Confeccionado em couro curtido ao cromo. G\u00e1spea forrado em n\u00e3o tecido, lateral e contraforte forrados em tecido. Palmilha de montagem interna de material n\u00e3o tecido de poli\u00e9ster resinada costurada pelo sistema strobel. Solado de poliuretano (PU) bidensidade com absor\u00e7\u00e3o de impacto injetado diretamente ao cabedal com biqueira termopl\u00e1stica, resistente ao \u00f3leo combust\u00edvel, com palmilha higi\u00eanica remov\u00edvel.<\/p>\n\n    <div class=\"xs_social_share_widget xs_share_url after_content \t\tmain_content  wslu-style-1 wslu-share-box-shaped wslu-fill-colored wslu-none wslu-share-horizontal wslu-theme-font-no wslu-main_content\">\n\n\t\t\n        <ul>\n\t\t\t        <\/ul>\n    <\/div> \n","protected":false},"excerpt":{"rendered":"<p>Cal\u00e7ado ocupacional de uso profissional, modelo derby, fechamento em cadar\u00e7o e cano acolchoado. Confeccionado em couro curtido ao cromo. G\u00e1spea forrado em n\u00e3o tecido, lateral e contraforte forrados em tecido. Palmilha de montagem interna de material n\u00e3o tecido de poli\u00e9ster resinada costurada pelo sistema strobel. Solado de poliuretano (PU) bidensidade com absor\u00e7\u00e3o de impacto injetado [&hellip;]<\/p>\n","protected":false},"featured_media":20016,"comment_status":"open","ping_status":"closed","template":"","meta":{"postBodyCss":"","postBodyMargin":[],"postBodyPadding":[],"postBodyBackground":{"backgroundType":"classic","gradient":""}},"product_brand":[489],"product_cat":[473],"product_tag":[],"class_list":{"0":"post-20015","1":"product","2":"type-product","3":"status-publish","4":"has-post-thumbnail","6":"product_brand-protefort","7":"product_cat-protecao-aos-pes","9":"first","10":"instock","11":"taxable","12":"shipping-taxable","13":"purchasable","14":"product-type-variable"},"_links":{"self":[{"href":"https:\/\/symepis.com.br\/loja\/wp-json\/wp\/v2\/product\/20015","targetHints":{"allow":["GET"]}}],"collection":[{"href":"https:\/\/symepis.com.br\/loja\/wp-json\/wp\/v2\/product"}],"about":[{"href":"https:\/\/symepis.com.br\/loja\/wp-json\/wp\/v2\/types\/product"}],"replies":[{"embeddable":true,"href":"https:\/\/symepis.com.br\/loja\/wp-json\/wp\/v2\/comments?post=20015"}],"wp:featuredmedia":[{"embeddable":true,"href":"https:\/\/symepis.com.br\/loja\/wp-json\/wp\/v2\/media\/20016"}],"wp:attachment":[{"href":"https:\/\/symepis.com.br\/loja\/wp-json\/wp\/v2\/media?parent=20015"}],"wp:term":[{"taxonomy":"product_brand","embeddable":true,"href":"https:\/\/symepis.com.br\/loja\/wp-json\/wp\/v2\/product_brand?post=20015"},{"taxonomy":"product_cat","embeddable":true,"href":"https:\/\/symepis.com.br\/loja\/wp-json\/wp\/v2\/product_cat?post=20015"},{"taxonomy":"product_tag","embeddable":true,"href":"https:\/\/symepis.com.br\/loja\/wp-json\/wp\/v2\/product_tag?post=20015"}],"curies":[{"name":"wp","href":"https:\/\/api.w.org\/{rel}","templated":true}]}}