{"id":20002,"date":"2025-12-08T14:20:44","date_gmt":"2025-12-08T17:20:44","guid":{"rendered":"https:\/\/symepis.com.br\/loja\/?post_type=product&#038;p=20002"},"modified":"2025-12-08T14:20:44","modified_gmt":"2025-12-08T17:20:44","slug":"botina-cad-modelo-bold-ca-31960","status":"publish","type":"product","link":"https:\/\/symepis.com.br\/loja\/produto\/botina-cad-modelo-bold-ca-31960\/","title":{"rendered":"BOTINA CAD MODELO BOLD CA 31960"},"content":{"rendered":"<p>Coturno Bold \u00e9 um misto de coturno e t\u00eanis, tendo a resist\u00eancia e a durabilidade de um coturno aliada ao conforto e leveza de um t\u00eanis. Produzido com detalhes em alta frequ\u00eancia no couro, tornando esse coturno uma verdadeira obra prima para ser apreciado em todos os detalhes. Modelo de cal\u00e7ado din\u00e2mico, pode ser utilizado em todos os setores inclusive no dia a dia. Dispon\u00edvel em todas as op\u00e7\u00f5es de biqueiras.<\/p>\n<p>Cal\u00e7ado ocupacional de uso profissional com fechamento em cadar\u00e7o, totalmente forrado e espumado. Confeccionado em couro vaqueta. G\u00e1spea e contraforte forrados em n\u00e3o tecido. Palmilha de montagem interna de material n\u00e3o tecido de poli\u00e9ster resinado costurada pelo sistema strobel. Solado isolante el\u00e9trico com absor\u00e7\u00e3o de energia na regi\u00e3o do salto, injetado diretamente ao cabedal com biqueira de PVC para conforma\u00e7\u00e3o, para uso eletricista, sem componentes met\u00e1licos, com palmilha higi\u00eanica remov\u00edvel.<\/p>\n\n    <div class=\"xs_social_share_widget xs_share_url after_content \t\tmain_content  wslu-style-1 wslu-share-box-shaped wslu-fill-colored wslu-none wslu-share-horizontal wslu-theme-font-no wslu-main_content\">\n\n\t\t\n        <ul>\n\t\t\t        <\/ul>\n    <\/div> \n","protected":false},"excerpt":{"rendered":"<p>Coturno Bold \u00e9 um misto de coturno e t\u00eanis, tendo a resist\u00eancia e a durabilidade de um coturno aliada ao conforto e leveza de um t\u00eanis. Produzido com detalhes em alta frequ\u00eancia no couro, tornando esse coturno uma verdadeira obra prima para ser apreciado em todos os detalhes. Modelo de cal\u00e7ado din\u00e2mico, pode ser utilizado [&hellip;]<\/p>\n","protected":false},"featured_media":20003,"comment_status":"open","ping_status":"closed","template":"","meta":{"postBodyCss":"","postBodyMargin":[],"postBodyPadding":[],"postBodyBackground":{"backgroundType":"classic","gradient":""}},"product_brand":[],"product_cat":[473],"product_tag":[],"class_list":{"0":"post-20002","1":"product","2":"type-product","3":"status-publish","4":"has-post-thumbnail","6":"product_cat-protecao-aos-pes","8":"first","9":"instock","10":"taxable","11":"shipping-taxable","12":"purchasable","13":"product-type-variable"},"_links":{"self":[{"href":"https:\/\/symepis.com.br\/loja\/wp-json\/wp\/v2\/product\/20002","targetHints":{"allow":["GET"]}}],"collection":[{"href":"https:\/\/symepis.com.br\/loja\/wp-json\/wp\/v2\/product"}],"about":[{"href":"https:\/\/symepis.com.br\/loja\/wp-json\/wp\/v2\/types\/product"}],"replies":[{"embeddable":true,"href":"https:\/\/symepis.com.br\/loja\/wp-json\/wp\/v2\/comments?post=20002"}],"wp:featuredmedia":[{"embeddable":true,"href":"https:\/\/symepis.com.br\/loja\/wp-json\/wp\/v2\/media\/20003"}],"wp:attachment":[{"href":"https:\/\/symepis.com.br\/loja\/wp-json\/wp\/v2\/media?parent=20002"}],"wp:term":[{"taxonomy":"product_brand","embeddable":true,"href":"https:\/\/symepis.com.br\/loja\/wp-json\/wp\/v2\/product_brand?post=20002"},{"taxonomy":"product_cat","embeddable":true,"href":"https:\/\/symepis.com.br\/loja\/wp-json\/wp\/v2\/product_cat?post=20002"},{"taxonomy":"product_tag","embeddable":true,"href":"https:\/\/symepis.com.br\/loja\/wp-json\/wp\/v2\/product_tag?post=20002"}],"curies":[{"name":"wp","href":"https:\/\/api.w.org\/{rel}","templated":true}]}}