{"id":19305,"date":"2025-11-14T17:34:36","date_gmt":"2025-11-14T20:34:36","guid":{"rendered":"https:\/\/symepis.com.br\/loja\/?post_type=product&#038;p=19305"},"modified":"2025-11-14T17:34:36","modified_gmt":"2025-11-14T20:34:36","slug":"capuz-termico-em-suedine-tm-unico-ca-10979-maicol","status":"publish","type":"product","link":"https:\/\/symepis.com.br\/loja\/produto\/capuz-termico-em-suedine-tm-unico-ca-10979-maicol\/","title":{"rendered":"CAPUZ TERMICO EM SUEDINE TM UNICO CA 10979 MAICOL"},"content":{"rendered":"<p>Capuz Suedine (CA 10979)<\/p>\n<p>O Capuz Suedine \u00e9 um equipamento de prote\u00e7\u00e3o individual (EPI) essencial para ambientes de baixas temperaturas. Confeccionado em malha de suedine, uma mistura de poli\u00e9ster e algod\u00e3o, este capuz oferece conforto e prote\u00e7\u00e3o t\u00e9rmica. Seu design tipo ninja cobre completamente a cabe\u00e7a e o pesco\u00e7o, garantindo seguran\u00e7a contra agentes t\u00e9rmicos, especialmente em c\u00e2maras frias e outras situa\u00e7\u00f5es de exposi\u00e7\u00e3o ao frio intenso.<\/p>\n<p><strong>Caracter\u00edsticas:<br \/>\n<\/strong>Material: Malha de suedine (poli\u00e9ster e algod\u00e3o)<br \/>\nModelo: Ninja<br \/>\nProte\u00e7\u00e3o: Contra agentes t\u00e9rmicos (frio) para temperaturas acima de -5\u00b0C<br \/>\nCertifica\u00e7\u00e3o: Aprovado pelo INMETRO como EPI<br \/>\nUso: Ideal para c\u00e2maras frias e ambientes de baixa temperatura<\/p>\n<p>Este capuz \u00e9 a escolha perfeita para quem precisa de prote\u00e7\u00e3o eficaz sem abrir m\u00e3o do conforto.<\/p>\n\n    <div class=\"xs_social_share_widget xs_share_url after_content \t\tmain_content  wslu-style-1 wslu-share-box-shaped wslu-fill-colored wslu-none wslu-share-horizontal wslu-theme-font-no wslu-main_content\">\n\n\t\t\n        <ul>\n\t\t\t        <\/ul>\n    <\/div> \n","protected":false},"excerpt":{"rendered":"<p>Capuz Suedine (CA 10979) O Capuz Suedine \u00e9 um equipamento de prote\u00e7\u00e3o individual (EPI) essencial para ambientes de baixas temperaturas. Confeccionado em malha de suedine, uma mistura de poli\u00e9ster e algod\u00e3o, este capuz oferece conforto e prote\u00e7\u00e3o t\u00e9rmica. Seu design tipo ninja cobre completamente a cabe\u00e7a e o pesco\u00e7o, garantindo seguran\u00e7a contra agentes t\u00e9rmicos, especialmente [&hellip;]<\/p>\n","protected":false},"featured_media":19308,"comment_status":"open","ping_status":"closed","template":"","meta":{"postBodyCss":"","postBodyMargin":[],"postBodyPadding":[],"postBodyBackground":{"backgroundType":"classic","gradient":""}},"product_brand":[],"product_cat":[314],"product_tag":[],"class_list":{"0":"post-19305","1":"product","2":"type-product","3":"status-publish","4":"has-post-thumbnail","6":"product_cat-protecao-termica","8":"first","9":"instock","10":"taxable","11":"shipping-taxable","12":"purchasable","13":"product-type-variable"},"_links":{"self":[{"href":"https:\/\/symepis.com.br\/loja\/wp-json\/wp\/v2\/product\/19305","targetHints":{"allow":["GET"]}}],"collection":[{"href":"https:\/\/symepis.com.br\/loja\/wp-json\/wp\/v2\/product"}],"about":[{"href":"https:\/\/symepis.com.br\/loja\/wp-json\/wp\/v2\/types\/product"}],"replies":[{"embeddable":true,"href":"https:\/\/symepis.com.br\/loja\/wp-json\/wp\/v2\/comments?post=19305"}],"wp:featuredmedia":[{"embeddable":true,"href":"https:\/\/symepis.com.br\/loja\/wp-json\/wp\/v2\/media\/19308"}],"wp:attachment":[{"href":"https:\/\/symepis.com.br\/loja\/wp-json\/wp\/v2\/media?parent=19305"}],"wp:term":[{"taxonomy":"product_brand","embeddable":true,"href":"https:\/\/symepis.com.br\/loja\/wp-json\/wp\/v2\/product_brand?post=19305"},{"taxonomy":"product_cat","embeddable":true,"href":"https:\/\/symepis.com.br\/loja\/wp-json\/wp\/v2\/product_cat?post=19305"},{"taxonomy":"product_tag","embeddable":true,"href":"https:\/\/symepis.com.br\/loja\/wp-json\/wp\/v2\/product_tag?post=19305"}],"curies":[{"name":"wp","href":"https:\/\/api.w.org\/{rel}","templated":true}]}}