{"id":19293,"date":"2025-11-14T17:19:10","date_gmt":"2025-11-14T20:19:10","guid":{"rendered":"https:\/\/symepis.com.br\/loja\/?post_type=product&#038;p=19293"},"modified":"2025-11-14T17:20:20","modified_gmt":"2025-11-14T20:20:20","slug":"manguito-poliester-elastano-com-dedal-uv-50-preto-maicol","status":"publish","type":"product","link":"https:\/\/symepis.com.br\/loja\/produto\/manguito-poliester-elastano-com-dedal-uv-50-preto-maicol\/","title":{"rendered":"MANGUITO POLIESTER ELASTANO COM DEDAL UV 50 PRETO MAICOL"},"content":{"rendered":"<p>O Manguito Poli\u00e9ster UV50+ \u00e9 a escolha ideal para quem busca prote\u00e7\u00e3o e conforto durante atividades ao ar livre. Confeccionado com uma combina\u00e7\u00e3o de poli\u00e9ster e elastano, este manguito oferece alta elasticidade e se ajusta perfeitamente a qualquer tamanho de bra\u00e7o, proporcionando um ajuste confort\u00e1vel e flex\u00edvel.<\/p>\n<p><strong>Caracter\u00edsticas:<br \/>\n<\/strong>Prote\u00e7\u00e3o UV50+: Bloqueia mais de 98% dos raios UV prejudiciais, mantendo sua pele segura e saud\u00e1vel. Composi\u00e7\u00e3o: Malha UV50+ 98% Poli\u00e9ster 2% Elastano Material de Qualidade: Feito de poli\u00e9ster e elastano, garantindo durabilidade e resist\u00eancia.<br \/>\nConforto T\u00e9rmico: O tecido \u00e9 leve, macio e respir\u00e1vel, ideal para dias quentes, pois n\u00e3o esquenta. Versatilidade: Perfeito para diversas atividades como ciclismo, corrida, caminhadas e outras pr\u00e1ticas esportivas.<br \/>\nDesign Moderno: Combina com diferentes tipos de roupas e ocasi\u00f5es, oferecendo estilo sem comprometer a funcionalidade.<\/p>\n<p><strong>Benef\u00edcios:<br \/>\n<\/strong>Alta Durabilidade: Costuras refor\u00e7adas para maior resist\u00eancia.<br \/>\nAjuste Anat\u00f4mico: Se adapta ao formato do bra\u00e7o sem apertar ou incomodar.<br \/>\nF\u00e1cil Manuten\u00e7\u00e3o: Lav\u00e1vel \u00e0 m\u00e3o, n\u00e3o desbota e seca rapidamente.<br \/>\nProteja-se dos raios solares com estilo e conforto usando o Manguito Poli\u00e9ster UV50+!<\/p>\n\n    <div class=\"xs_social_share_widget xs_share_url after_content \t\tmain_content  wslu-style-1 wslu-share-box-shaped wslu-fill-colored wslu-none wslu-share-horizontal wslu-theme-font-no wslu-main_content\">\n\n\t\t\n        <ul>\n\t\t\t        <\/ul>\n    <\/div> \n","protected":false},"excerpt":{"rendered":"<p>O Manguito Poli\u00e9ster UV50+ \u00e9 a escolha ideal para quem busca prote\u00e7\u00e3o e conforto durante atividades ao ar livre. Confeccionado com uma combina\u00e7\u00e3o de poli\u00e9ster e elastano, este manguito oferece alta elasticidade e se ajusta perfeitamente a qualquer tamanho de bra\u00e7o, proporcionando um ajuste confort\u00e1vel e flex\u00edvel. Caracter\u00edsticas: Prote\u00e7\u00e3o UV50+: Bloqueia mais de 98% dos [&hellip;]<\/p>\n","protected":false},"featured_media":19298,"comment_status":"open","ping_status":"closed","template":"","meta":{"postBodyCss":"","postBodyMargin":[],"postBodyPadding":[],"postBodyBackground":{"backgroundType":"classic","gradient":""}},"product_brand":[],"product_cat":[314],"product_tag":[],"class_list":{"0":"post-19293","1":"product","2":"type-product","3":"status-publish","4":"has-post-thumbnail","6":"product_cat-protecao-termica","8":"first","9":"instock","10":"taxable","11":"shipping-taxable","12":"purchasable","13":"product-type-variable"},"_links":{"self":[{"href":"https:\/\/symepis.com.br\/loja\/wp-json\/wp\/v2\/product\/19293","targetHints":{"allow":["GET"]}}],"collection":[{"href":"https:\/\/symepis.com.br\/loja\/wp-json\/wp\/v2\/product"}],"about":[{"href":"https:\/\/symepis.com.br\/loja\/wp-json\/wp\/v2\/types\/product"}],"replies":[{"embeddable":true,"href":"https:\/\/symepis.com.br\/loja\/wp-json\/wp\/v2\/comments?post=19293"}],"wp:featuredmedia":[{"embeddable":true,"href":"https:\/\/symepis.com.br\/loja\/wp-json\/wp\/v2\/media\/19298"}],"wp:attachment":[{"href":"https:\/\/symepis.com.br\/loja\/wp-json\/wp\/v2\/media?parent=19293"}],"wp:term":[{"taxonomy":"product_brand","embeddable":true,"href":"https:\/\/symepis.com.br\/loja\/wp-json\/wp\/v2\/product_brand?post=19293"},{"taxonomy":"product_cat","embeddable":true,"href":"https:\/\/symepis.com.br\/loja\/wp-json\/wp\/v2\/product_cat?post=19293"},{"taxonomy":"product_tag","embeddable":true,"href":"https:\/\/symepis.com.br\/loja\/wp-json\/wp\/v2\/product_tag?post=19293"}],"curies":[{"name":"wp","href":"https:\/\/api.w.org\/{rel}","templated":true}]}}