{"id":18059,"date":"2021-10-21T17:11:39","date_gmt":"2021-10-21T20:11:39","guid":{"rendered":"https:\/\/sym-epis.com.br\/site\/?post_type=product&#038;p=18059"},"modified":"2025-12-01T15:46:06","modified_gmt":"2025-12-01T18:46:06","slug":"luva-pigmentada-preta-tatex-ca-34491-kalipso","status":"publish","type":"product","link":"https:\/\/symepis.com.br\/loja\/produto\/luva-pigmentada-preta-tatex-ca-34491-kalipso\/","title":{"rendered":"Luva Pigmentada Preta Tatex  Ca 34491 Kalipso"},"content":{"rendered":"<div class=\"text-dark\">\n<div class=\"px-3 pt-2 pb-3\">\n<p>Luva de seguran\u00e7a tricotada em fios de algod\u00e3o e\u00a0poli\u00e9ster, palma e face palmar dos dedos\u00a0com pigmentos antiderrapantes de PVC, extremidade\u00a0dos dedos com refor\u00e7o de borracha de PVC. Punho com\u00a0el\u00e1stico, com acabamento em overloque.<\/p>\n<\/div>\n<\/div>\n<div class=\"text-dark\">\n<div class=\"py-2\"><span class=\"fw-bold mt-3 ps-3\">Caracter\u00edsticas<\/span><\/div>\n<div class=\"ps-3 py-2\">\n<p>Sensibilidade t\u00e1til<\/p>\n<p>Palma antiderrapante<\/p>\n<p>Respirabilidade\/conforto t\u00e9rmico<\/p>\n<p>Livre de lat\u00e9x natural<\/p>\n<\/div>\n<\/div>\n\n    <div class=\"xs_social_share_widget xs_share_url after_content \t\tmain_content  wslu-style-1 wslu-share-box-shaped wslu-fill-colored wslu-none wslu-share-horizontal wslu-theme-font-no wslu-main_content\">\n\n\t\t\n        <ul>\n\t\t\t        <\/ul>\n    <\/div> \n","protected":false},"excerpt":{"rendered":"<p>Luva de seguran\u00e7a tricotada em fios de algod\u00e3o e\u00a0poli\u00e9ster, palma e face palmar dos dedos\u00a0com pigmentos antiderrapantes de PVC, extremidade\u00a0dos dedos com refor\u00e7o de borracha de PVC. Punho com\u00a0el\u00e1stico, com acabamento em overloque. Caracter\u00edsticas Sensibilidade t\u00e1til Palma antiderrapante Respirabilidade\/conforto t\u00e9rmico Livre de lat\u00e9x natural<\/p>\n","protected":false},"featured_media":19532,"comment_status":"open","ping_status":"closed","template":"","meta":{"postBodyCss":"","postBodyMargin":[],"postBodyPadding":[],"postBodyBackground":{"backgroundType":"classic","gradient":""}},"product_brand":[478],"product_cat":[315],"product_tag":[383],"class_list":{"0":"post-18059","1":"product","2":"type-product","3":"status-publish","4":"has-post-thumbnail","6":"product_brand-kalipso","7":"product_cat-protecao-maos-e-bracos","8":"product_tag-luvas","10":"first","11":"instock","12":"taxable","13":"shipping-taxable","14":"purchasable","15":"product-type-simple"},"_links":{"self":[{"href":"https:\/\/symepis.com.br\/loja\/wp-json\/wp\/v2\/product\/18059","targetHints":{"allow":["GET"]}}],"collection":[{"href":"https:\/\/symepis.com.br\/loja\/wp-json\/wp\/v2\/product"}],"about":[{"href":"https:\/\/symepis.com.br\/loja\/wp-json\/wp\/v2\/types\/product"}],"replies":[{"embeddable":true,"href":"https:\/\/symepis.com.br\/loja\/wp-json\/wp\/v2\/comments?post=18059"}],"wp:featuredmedia":[{"embeddable":true,"href":"https:\/\/symepis.com.br\/loja\/wp-json\/wp\/v2\/media\/19532"}],"wp:attachment":[{"href":"https:\/\/symepis.com.br\/loja\/wp-json\/wp\/v2\/media?parent=18059"}],"wp:term":[{"taxonomy":"product_brand","embeddable":true,"href":"https:\/\/symepis.com.br\/loja\/wp-json\/wp\/v2\/product_brand?post=18059"},{"taxonomy":"product_cat","embeddable":true,"href":"https:\/\/symepis.com.br\/loja\/wp-json\/wp\/v2\/product_cat?post=18059"},{"taxonomy":"product_tag","embeddable":true,"href":"https:\/\/symepis.com.br\/loja\/wp-json\/wp\/v2\/product_tag?post=18059"}],"curies":[{"name":"wp","href":"https:\/\/api.w.org\/{rel}","templated":true}]}}