{"id":18055,"date":"2021-10-21T17:11:39","date_gmt":"2021-10-21T20:11:39","guid":{"rendered":"https:\/\/sym-epis.com.br\/site\/?post_type=product&#038;p=18055"},"modified":"2025-12-01T15:39:08","modified_gmt":"2025-12-01T18:39:08","slug":"luva-tricotada-algodao-4-fios-pigmentada-ca-37931-omega","status":"publish","type":"product","link":"https:\/\/symepis.com.br\/loja\/produto\/luva-tricotada-algodao-4-fios-pigmentada-ca-37931-omega\/","title":{"rendered":"Luva Tricotada Algodao 4 Fios Pigmentada Ca 37931 Omega"},"content":{"rendered":"<p><strong>Descri\u00e7\u00e3o:<\/strong>\u00a0Luva Tricotada 4 Fios Pigmentada PREMIUM (Branco).<br \/>\n<strong>Aplica\u00e7\u00e3o:<\/strong>\u00a0Indicada para uso geral em atividades de m\u00e9dia abras\u00e3o, com pigmentos em PVC para maior ader\u00eancia.<\/p>\n\n    <div class=\"xs_social_share_widget xs_share_url after_content \t\tmain_content  wslu-style-1 wslu-share-box-shaped wslu-fill-colored wslu-none wslu-share-horizontal wslu-theme-font-no wslu-main_content\">\n\n\t\t\n        <ul>\n\t\t\t        <\/ul>\n    <\/div> \n","protected":false},"excerpt":{"rendered":"<p>Descri\u00e7\u00e3o:\u00a0Luva Tricotada 4 Fios Pigmentada PREMIUM (Branco). Aplica\u00e7\u00e3o:\u00a0Indicada para uso geral em atividades de m\u00e9dia abras\u00e3o, com pigmentos em PVC para maior ader\u00eancia.<\/p>\n","protected":false},"featured_media":17184,"comment_status":"open","ping_status":"closed","template":"","meta":{"postBodyCss":"","postBodyMargin":[],"postBodyPadding":[],"postBodyBackground":{"backgroundType":"classic","gradient":""}},"product_brand":[],"product_cat":[315],"product_tag":[383],"class_list":{"0":"post-18055","1":"product","2":"type-product","3":"status-publish","4":"has-post-thumbnail","6":"product_cat-protecao-maos-e-bracos","7":"product_tag-luvas","9":"first","10":"instock","11":"taxable","12":"shipping-taxable","13":"purchasable","14":"product-type-simple"},"_links":{"self":[{"href":"https:\/\/symepis.com.br\/loja\/wp-json\/wp\/v2\/product\/18055","targetHints":{"allow":["GET"]}}],"collection":[{"href":"https:\/\/symepis.com.br\/loja\/wp-json\/wp\/v2\/product"}],"about":[{"href":"https:\/\/symepis.com.br\/loja\/wp-json\/wp\/v2\/types\/product"}],"replies":[{"embeddable":true,"href":"https:\/\/symepis.com.br\/loja\/wp-json\/wp\/v2\/comments?post=18055"}],"wp:featuredmedia":[{"embeddable":true,"href":"https:\/\/symepis.com.br\/loja\/wp-json\/wp\/v2\/media\/17184"}],"wp:attachment":[{"href":"https:\/\/symepis.com.br\/loja\/wp-json\/wp\/v2\/media?parent=18055"}],"wp:term":[{"taxonomy":"product_brand","embeddable":true,"href":"https:\/\/symepis.com.br\/loja\/wp-json\/wp\/v2\/product_brand?post=18055"},{"taxonomy":"product_cat","embeddable":true,"href":"https:\/\/symepis.com.br\/loja\/wp-json\/wp\/v2\/product_cat?post=18055"},{"taxonomy":"product_tag","embeddable":true,"href":"https:\/\/symepis.com.br\/loja\/wp-json\/wp\/v2\/product_tag?post=18055"}],"curies":[{"name":"wp","href":"https:\/\/api.w.org\/{rel}","templated":true}]}}