{"id":18046,"date":"2021-10-21T17:11:29","date_gmt":"2021-10-21T20:11:29","guid":{"rendered":"https:\/\/sym-epis.com.br\/site\/?post_type=product&#038;p=18046"},"modified":"2025-12-02T16:00:19","modified_gmt":"2025-12-02T19:00:19","slug":"luva-nitril-full-tam-10-eg-ca-25280-volk","status":"publish","type":"product","link":"https:\/\/symepis.com.br\/loja\/produto\/luva-nitril-full-tam-10-eg-ca-25280-volk\/","title":{"rendered":"Luva Nitril Full (Eg) Ca 25280 Volk"},"content":{"rendered":"<p>Luva de seguran\u00e7a confeccionada em fibras sint\u00e9ticas, totalmente revestida com nitrila, lisa, punho em fibras el\u00e1sticas e acabamento em fibras sint\u00e9ticas.<\/p>\n\n    <div class=\"xs_social_share_widget xs_share_url after_content \t\tmain_content  wslu-style-1 wslu-share-box-shaped wslu-fill-colored wslu-none wslu-share-horizontal wslu-theme-font-no wslu-main_content\">\n\n\t\t\n        <ul>\n\t\t\t        <\/ul>\n    <\/div> \n","protected":false},"excerpt":{"rendered":"<p>Luva de seguran\u00e7a confeccionada em fibras sint\u00e9ticas, totalmente revestida com nitrila, lisa, punho em fibras el\u00e1sticas e acabamento em fibras sint\u00e9ticas.<\/p>\n","protected":false},"featured_media":17195,"comment_status":"open","ping_status":"closed","template":"","meta":{"postBodyCss":"","postBodyMargin":[],"postBodyPadding":[],"postBodyBackground":{"backgroundType":"classic","gradient":""}},"product_brand":[479],"product_cat":[315],"product_tag":[383],"class_list":{"0":"post-18046","1":"product","2":"type-product","3":"status-publish","4":"has-post-thumbnail","6":"product_brand-volk","7":"product_cat-protecao-maos-e-bracos","8":"product_tag-luvas","10":"first","11":"instock","12":"taxable","13":"shipping-taxable","14":"purchasable","15":"product-type-variable"},"_links":{"self":[{"href":"https:\/\/symepis.com.br\/loja\/wp-json\/wp\/v2\/product\/18046","targetHints":{"allow":["GET"]}}],"collection":[{"href":"https:\/\/symepis.com.br\/loja\/wp-json\/wp\/v2\/product"}],"about":[{"href":"https:\/\/symepis.com.br\/loja\/wp-json\/wp\/v2\/types\/product"}],"replies":[{"embeddable":true,"href":"https:\/\/symepis.com.br\/loja\/wp-json\/wp\/v2\/comments?post=18046"}],"wp:featuredmedia":[{"embeddable":true,"href":"https:\/\/symepis.com.br\/loja\/wp-json\/wp\/v2\/media\/17195"}],"wp:attachment":[{"href":"https:\/\/symepis.com.br\/loja\/wp-json\/wp\/v2\/media?parent=18046"}],"wp:term":[{"taxonomy":"product_brand","embeddable":true,"href":"https:\/\/symepis.com.br\/loja\/wp-json\/wp\/v2\/product_brand?post=18046"},{"taxonomy":"product_cat","embeddable":true,"href":"https:\/\/symepis.com.br\/loja\/wp-json\/wp\/v2\/product_cat?post=18046"},{"taxonomy":"product_tag","embeddable":true,"href":"https:\/\/symepis.com.br\/loja\/wp-json\/wp\/v2\/product_tag?post=18046"}],"curies":[{"name":"wp","href":"https:\/\/api.w.org\/{rel}","templated":true}]}}