{"id":18044,"date":"2021-10-21T17:11:29","date_gmt":"2021-10-21T20:11:29","guid":{"rendered":"https:\/\/sym-epis.com.br\/site\/?post_type=product&#038;p=18044"},"modified":"2025-12-01T16:50:44","modified_gmt":"2025-12-01T19:50:44","slug":"luva-pvc-ca-37127-volk","status":"publish","type":"product","link":"https:\/\/symepis.com.br\/loja\/produto\/luva-pvc-ca-37127-volk\/","title":{"rendered":"Luva Pvc Ca 37127 Volk"},"content":{"rendered":"<p>Luva de seguran\u00e7a confeccionada em suporte t\u00eaxtil de algod\u00e3o, revestimento externo em policloreto de vinila (PVC) e acabamento antiderrapante tipo areia, na regi\u00e3o palmar, ponta dos dedos e dorso.<\/p>\n\n    <div class=\"xs_social_share_widget xs_share_url after_content \t\tmain_content  wslu-style-1 wslu-share-box-shaped wslu-fill-colored wslu-none wslu-share-horizontal wslu-theme-font-no wslu-main_content\">\n\n\t\t\n        <ul>\n\t\t\t        <\/ul>\n    <\/div> \n","protected":false},"excerpt":{"rendered":"<p>Luva de seguran\u00e7a confeccionada em suporte t\u00eaxtil de algod\u00e3o, revestimento externo em policloreto de vinila (PVC) e acabamento antiderrapante tipo areia, na regi\u00e3o palmar, ponta dos dedos e dorso.<\/p>\n","protected":false},"featured_media":17173,"comment_status":"open","ping_status":"closed","template":"","meta":{"postBodyCss":"","postBodyMargin":[],"postBodyPadding":[],"postBodyBackground":{"backgroundType":"classic","gradient":""}},"product_brand":[],"product_cat":[315],"product_tag":[383],"class_list":{"0":"post-18044","1":"product","2":"type-product","3":"status-publish","4":"has-post-thumbnail","6":"product_cat-protecao-maos-e-bracos","7":"product_tag-luvas","9":"first","10":"instock","11":"taxable","12":"shipping-taxable","13":"purchasable","14":"product-type-variable"},"_links":{"self":[{"href":"https:\/\/symepis.com.br\/loja\/wp-json\/wp\/v2\/product\/18044","targetHints":{"allow":["GET"]}}],"collection":[{"href":"https:\/\/symepis.com.br\/loja\/wp-json\/wp\/v2\/product"}],"about":[{"href":"https:\/\/symepis.com.br\/loja\/wp-json\/wp\/v2\/types\/product"}],"replies":[{"embeddable":true,"href":"https:\/\/symepis.com.br\/loja\/wp-json\/wp\/v2\/comments?post=18044"}],"wp:featuredmedia":[{"embeddable":true,"href":"https:\/\/symepis.com.br\/loja\/wp-json\/wp\/v2\/media\/17173"}],"wp:attachment":[{"href":"https:\/\/symepis.com.br\/loja\/wp-json\/wp\/v2\/media?parent=18044"}],"wp:term":[{"taxonomy":"product_brand","embeddable":true,"href":"https:\/\/symepis.com.br\/loja\/wp-json\/wp\/v2\/product_brand?post=18044"},{"taxonomy":"product_cat","embeddable":true,"href":"https:\/\/symepis.com.br\/loja\/wp-json\/wp\/v2\/product_cat?post=18044"},{"taxonomy":"product_tag","embeddable":true,"href":"https:\/\/symepis.com.br\/loja\/wp-json\/wp\/v2\/product_tag?post=18044"}],"curies":[{"name":"wp","href":"https:\/\/api.w.org\/{rel}","templated":true}]}}