{"id":18028,"date":"2021-10-21T17:11:27","date_gmt":"2021-10-21T20:11:27","guid":{"rendered":"https:\/\/sym-epis.com.br\/site\/?post_type=product&#038;p=18028"},"modified":"2025-12-02T17:34:34","modified_gmt":"2025-12-02T20:34:34","slug":"luva-nitrasolv-com-forro-da36201-t-g-ca-25313-danny","status":"publish","type":"product","link":"https:\/\/symepis.com.br\/loja\/produto\/luva-nitrasolv-com-forro-da36201-t-g-ca-25313-danny\/","title":{"rendered":"Luva Nitrasolv Com Forro Da36201 Ca 25313 Danny"},"content":{"rendered":"<p>A luva Nitrasolv \u00e9 confeccionada em borracha nitr\u00edlica e oferece prote\u00e7\u00e3o no manuseio de produtos qu\u00edmicos. Dispon\u00edvel com forro em algod\u00e3o flocado para melhor conforto e absor\u00e7\u00e3o do suor (DA-36.201) ou clorinada sem forro (DA-36.200), que facilita a higieniza\u00e7\u00e3o e o cal\u00e7amento. Comprimento de 33 cm. Sua espessura confere alto n\u00edvel de sensibilidade.<\/p>\n\n    <div class=\"xs_social_share_widget xs_share_url after_content \t\tmain_content  wslu-style-1 wslu-share-box-shaped wslu-fill-colored wslu-none wslu-share-horizontal wslu-theme-font-no wslu-main_content\">\n\n\t\t\n        <ul>\n\t\t\t        <\/ul>\n    <\/div> \n","protected":false},"excerpt":{"rendered":"<p>A luva Nitrasolv \u00e9 confeccionada em borracha nitr\u00edlica e oferece prote\u00e7\u00e3o no manuseio de produtos qu\u00edmicos. Dispon\u00edvel com forro em algod\u00e3o flocado para melhor conforto e absor\u00e7\u00e3o do suor (DA-36.201) ou clorinada sem forro (DA-36.200), que facilita a higieniza\u00e7\u00e3o e o cal\u00e7amento. Comprimento de 33 cm. Sua espessura confere alto n\u00edvel de sensibilidade.<\/p>\n","protected":false},"featured_media":17161,"comment_status":"open","ping_status":"closed","template":"","meta":{"postBodyCss":"","postBodyMargin":[],"postBodyPadding":[],"postBodyBackground":{"backgroundType":"classic","gradient":""}},"product_brand":[481],"product_cat":[315],"product_tag":[383],"class_list":{"0":"post-18028","1":"product","2":"type-product","3":"status-publish","4":"has-post-thumbnail","6":"product_brand-danny","7":"product_cat-protecao-maos-e-bracos","8":"product_tag-luvas","10":"first","11":"instock","12":"taxable","13":"shipping-taxable","14":"purchasable","15":"product-type-variable"},"_links":{"self":[{"href":"https:\/\/symepis.com.br\/loja\/wp-json\/wp\/v2\/product\/18028","targetHints":{"allow":["GET"]}}],"collection":[{"href":"https:\/\/symepis.com.br\/loja\/wp-json\/wp\/v2\/product"}],"about":[{"href":"https:\/\/symepis.com.br\/loja\/wp-json\/wp\/v2\/types\/product"}],"replies":[{"embeddable":true,"href":"https:\/\/symepis.com.br\/loja\/wp-json\/wp\/v2\/comments?post=18028"}],"wp:featuredmedia":[{"embeddable":true,"href":"https:\/\/symepis.com.br\/loja\/wp-json\/wp\/v2\/media\/17161"}],"wp:attachment":[{"href":"https:\/\/symepis.com.br\/loja\/wp-json\/wp\/v2\/media?parent=18028"}],"wp:term":[{"taxonomy":"product_brand","embeddable":true,"href":"https:\/\/symepis.com.br\/loja\/wp-json\/wp\/v2\/product_brand?post=18028"},{"taxonomy":"product_cat","embeddable":true,"href":"https:\/\/symepis.com.br\/loja\/wp-json\/wp\/v2\/product_cat?post=18028"},{"taxonomy":"product_tag","embeddable":true,"href":"https:\/\/symepis.com.br\/loja\/wp-json\/wp\/v2\/product_tag?post=18028"}],"curies":[{"name":"wp","href":"https:\/\/api.w.org\/{rel}","templated":true}]}}