{"id":18027,"date":"2021-10-21T17:11:27","date_gmt":"2021-10-21T20:11:27","guid":{"rendered":"https:\/\/sym-epis.com.br\/site\/?post_type=product&#038;p=18027"},"modified":"2025-12-02T17:52:56","modified_gmt":"2025-12-02T20:52:56","slug":"luva-neolatex-da224d-tam-g-ca-5774-danny","status":"publish","type":"product","link":"https:\/\/symepis.com.br\/loja\/produto\/luva-neolatex-da224d-tam-g-ca-5774-danny\/","title":{"rendered":"Luva Neolatex Da224d Ca 5774 Danny"},"content":{"rendered":"<p>A luva Neol\u00e1tex \u00e9 confeccionada em l\u00e1tex natural e neoprene com refor\u00e7o extra que, juntos, garantem mais maleabilidade, destreza e liberdade nos movimentos. Alta resist\u00eancia qu\u00edmica e mec\u00e2nica em fun\u00e7\u00e3o de sua espessura. Seu interior forrado em algod\u00e3o flocado e palma antiderrapante proporcionam maior conforto e seguran\u00e7a ao usu\u00e1rio no uso di\u00e1rio.<\/p>\n\n    <div class=\"xs_social_share_widget xs_share_url after_content \t\tmain_content  wslu-style-1 wslu-share-box-shaped wslu-fill-colored wslu-none wslu-share-horizontal wslu-theme-font-no wslu-main_content\">\n\n\t\t\n        <ul>\n\t\t\t        <\/ul>\n    <\/div> \n","protected":false},"excerpt":{"rendered":"<p>A luva Neol\u00e1tex \u00e9 confeccionada em l\u00e1tex natural e neoprene com refor\u00e7o extra que, juntos, garantem mais maleabilidade, destreza e liberdade nos movimentos. Alta resist\u00eancia qu\u00edmica e mec\u00e2nica em fun\u00e7\u00e3o de sua espessura. Seu interior forrado em algod\u00e3o flocado e palma antiderrapante proporcionam maior conforto e seguran\u00e7a ao usu\u00e1rio no uso di\u00e1rio.<\/p>\n","protected":false},"featured_media":17160,"comment_status":"open","ping_status":"closed","template":"","meta":{"postBodyCss":"","postBodyMargin":[],"postBodyPadding":[],"postBodyBackground":{"backgroundType":"classic","gradient":""}},"product_brand":[481],"product_cat":[315],"product_tag":[383],"class_list":{"0":"post-18027","1":"product","2":"type-product","3":"status-publish","4":"has-post-thumbnail","6":"product_brand-danny","7":"product_cat-protecao-maos-e-bracos","8":"product_tag-luvas","10":"first","11":"instock","12":"taxable","13":"shipping-taxable","14":"purchasable","15":"product-type-variable"},"_links":{"self":[{"href":"https:\/\/symepis.com.br\/loja\/wp-json\/wp\/v2\/product\/18027","targetHints":{"allow":["GET"]}}],"collection":[{"href":"https:\/\/symepis.com.br\/loja\/wp-json\/wp\/v2\/product"}],"about":[{"href":"https:\/\/symepis.com.br\/loja\/wp-json\/wp\/v2\/types\/product"}],"replies":[{"embeddable":true,"href":"https:\/\/symepis.com.br\/loja\/wp-json\/wp\/v2\/comments?post=18027"}],"wp:featuredmedia":[{"embeddable":true,"href":"https:\/\/symepis.com.br\/loja\/wp-json\/wp\/v2\/media\/17160"}],"wp:attachment":[{"href":"https:\/\/symepis.com.br\/loja\/wp-json\/wp\/v2\/media?parent=18027"}],"wp:term":[{"taxonomy":"product_brand","embeddable":true,"href":"https:\/\/symepis.com.br\/loja\/wp-json\/wp\/v2\/product_brand?post=18027"},{"taxonomy":"product_cat","embeddable":true,"href":"https:\/\/symepis.com.br\/loja\/wp-json\/wp\/v2\/product_cat?post=18027"},{"taxonomy":"product_tag","embeddable":true,"href":"https:\/\/symepis.com.br\/loja\/wp-json\/wp\/v2\/product_tag?post=18027"}],"curies":[{"name":"wp","href":"https:\/\/api.w.org\/{rel}","templated":true}]}}