{"id":18009,"date":"2021-10-21T17:11:17","date_gmt":"2021-10-21T20:11:17","guid":{"rendered":"https:\/\/sym-epis.com.br\/site\/?post_type=product&#038;p=18009"},"modified":"2025-12-04T13:40:50","modified_gmt":"2025-12-04T16:40:50","slug":"tamanco-eva-bb60-ca-27921-softworks","status":"publish","type":"product","link":"https:\/\/symepis.com.br\/loja\/produto\/tamanco-eva-bb60-ca-27921-softworks\/","title":{"rendered":"Tamanco Eva Bb60 Ca 27921 Softworks"},"content":{"rendered":"<p>Cal\u00e7ado ocupacional de uso profissional tipo tamanco, confeccionado em EVA, soleta de borracha antiderrapante, resistente ao escorregamento em piso cer\u00e2mico com solu\u00e7\u00e3o de detergente e piso de a\u00e7o com solu\u00e7\u00e3o de glicerol, resistente \u00e0 absor\u00e7\u00e3o de energia na regi\u00e3o do salto e ao \u00f3leo combust\u00edvel.<\/p>\n\n    <div class=\"xs_social_share_widget xs_share_url after_content \t\tmain_content  wslu-style-1 wslu-share-box-shaped wslu-fill-colored wslu-none wslu-share-horizontal wslu-theme-font-no wslu-main_content\">\n\n\t\t\n        <ul>\n\t\t\t        <\/ul>\n    <\/div> \n","protected":false},"excerpt":{"rendered":"<p>Cal\u00e7ado ocupacional de uso profissional tipo tamanco, confeccionado em EVA, soleta de borracha antiderrapante, resistente ao escorregamento em piso cer\u00e2mico com solu\u00e7\u00e3o de detergente e piso de a\u00e7o com solu\u00e7\u00e3o de glicerol, resistente \u00e0 absor\u00e7\u00e3o de energia na regi\u00e3o do salto e ao \u00f3leo combust\u00edvel.<\/p>\n","protected":false},"featured_media":17208,"comment_status":"open","ping_status":"closed","template":"","meta":{"postBodyCss":"","postBodyMargin":[],"postBodyPadding":[],"postBodyBackground":{"backgroundType":"classic","gradient":""}},"product_brand":[474],"product_cat":[473],"product_tag":[380,382],"class_list":{"0":"post-18009","1":"product","2":"type-product","3":"status-publish","4":"has-post-thumbnail","6":"product_brand-softworks","7":"product_cat-protecao-aos-pes","8":"product_tag-botinas-sapato-bota","9":"product_tag-softwork-eva","11":"first","12":"instock","13":"taxable","14":"shipping-taxable","15":"purchasable","16":"product-type-variable"},"_links":{"self":[{"href":"https:\/\/symepis.com.br\/loja\/wp-json\/wp\/v2\/product\/18009","targetHints":{"allow":["GET"]}}],"collection":[{"href":"https:\/\/symepis.com.br\/loja\/wp-json\/wp\/v2\/product"}],"about":[{"href":"https:\/\/symepis.com.br\/loja\/wp-json\/wp\/v2\/types\/product"}],"replies":[{"embeddable":true,"href":"https:\/\/symepis.com.br\/loja\/wp-json\/wp\/v2\/comments?post=18009"}],"wp:featuredmedia":[{"embeddable":true,"href":"https:\/\/symepis.com.br\/loja\/wp-json\/wp\/v2\/media\/17208"}],"wp:attachment":[{"href":"https:\/\/symepis.com.br\/loja\/wp-json\/wp\/v2\/media?parent=18009"}],"wp:term":[{"taxonomy":"product_brand","embeddable":true,"href":"https:\/\/symepis.com.br\/loja\/wp-json\/wp\/v2\/product_brand?post=18009"},{"taxonomy":"product_cat","embeddable":true,"href":"https:\/\/symepis.com.br\/loja\/wp-json\/wp\/v2\/product_cat?post=18009"},{"taxonomy":"product_tag","embeddable":true,"href":"https:\/\/symepis.com.br\/loja\/wp-json\/wp\/v2\/product_tag?post=18009"}],"curies":[{"name":"wp","href":"https:\/\/api.w.org\/{rel}","templated":true}]}}