{"id":17998,"date":"2021-10-21T17:11:17","date_gmt":"2021-10-21T20:11:17","guid":{"rendered":"https:\/\/sym-epis.com.br\/site\/?post_type=product&#038;p=17998"},"modified":"2025-12-04T16:38:28","modified_gmt":"2025-12-04T19:38:28","slug":"sapato-elastico-bp-ca-42456-protefort","status":"publish","type":"product","link":"https:\/\/symepis.com.br\/loja\/produto\/sapato-elastico-bp-ca-42456-protefort\/","title":{"rendered":"SAPATO ELASTICO BP CA 42456 PROTEFORT"},"content":{"rendered":"<p>Cal\u00e7ado ocupacional de uso profissional, modelo &#8220;blatt&#8221;, fechamento em el\u00e1stico coberto nas laterais e acolchoado frontalmente. Confeccionado em couro curtido ao cromo. G\u00e1spea forrada em n\u00e3o tecido, lateral e contraforte forrados em material t\u00eaxtil. Palmilha de montagem em material n\u00e3o tecido de poli\u00e9ster resinado costurada pelo sistema strobel. Solado de poliuretano (PU) bidensidade com absor\u00e7\u00e3o de impacto na regi\u00e3o do calcanhar, injetado diretamente ao cabedal com biqueira termopl\u00e1stica. Resistente ao \u00f3leo combust\u00edvel, com palmilha remov\u00edvel.<\/p>\n\n    <div class=\"xs_social_share_widget xs_share_url after_content \t\tmain_content  wslu-style-1 wslu-share-box-shaped wslu-fill-colored wslu-none wslu-share-horizontal wslu-theme-font-no wslu-main_content\">\n\n\t\t\n        <ul>\n\t\t\t        <\/ul>\n    <\/div> \n","protected":false},"excerpt":{"rendered":"<p>Cal\u00e7ado ocupacional de uso profissional, modelo &#8220;blatt&#8221;, fechamento em el\u00e1stico coberto nas laterais e acolchoado frontalmente. Confeccionado em couro curtido ao cromo. G\u00e1spea forrada em n\u00e3o tecido, lateral e contraforte forrados em material t\u00eaxtil. Palmilha de montagem em material n\u00e3o tecido de poli\u00e9ster resinado costurada pelo sistema strobel. Solado de poliuretano (PU) bidensidade com absor\u00e7\u00e3o [&hellip;]<\/p>\n","protected":false},"featured_media":19940,"comment_status":"open","ping_status":"closed","template":"","meta":{"postBodyCss":"","postBodyMargin":[],"postBodyPadding":[],"postBodyBackground":{"backgroundType":"classic","gradient":""}},"product_brand":[],"product_cat":[473],"product_tag":[380],"class_list":{"0":"post-17998","1":"product","2":"type-product","3":"status-publish","4":"has-post-thumbnail","6":"product_cat-protecao-aos-pes","7":"product_tag-botinas-sapato-bota","9":"first","10":"instock","11":"taxable","12":"shipping-taxable","13":"purchasable","14":"product-type-variable"},"_links":{"self":[{"href":"https:\/\/symepis.com.br\/loja\/wp-json\/wp\/v2\/product\/17998","targetHints":{"allow":["GET"]}}],"collection":[{"href":"https:\/\/symepis.com.br\/loja\/wp-json\/wp\/v2\/product"}],"about":[{"href":"https:\/\/symepis.com.br\/loja\/wp-json\/wp\/v2\/types\/product"}],"replies":[{"embeddable":true,"href":"https:\/\/symepis.com.br\/loja\/wp-json\/wp\/v2\/comments?post=17998"}],"wp:featuredmedia":[{"embeddable":true,"href":"https:\/\/symepis.com.br\/loja\/wp-json\/wp\/v2\/media\/19940"}],"wp:attachment":[{"href":"https:\/\/symepis.com.br\/loja\/wp-json\/wp\/v2\/media?parent=17998"}],"wp:term":[{"taxonomy":"product_brand","embeddable":true,"href":"https:\/\/symepis.com.br\/loja\/wp-json\/wp\/v2\/product_brand?post=17998"},{"taxonomy":"product_cat","embeddable":true,"href":"https:\/\/symepis.com.br\/loja\/wp-json\/wp\/v2\/product_cat?post=17998"},{"taxonomy":"product_tag","embeddable":true,"href":"https:\/\/symepis.com.br\/loja\/wp-json\/wp\/v2\/product_tag?post=17998"}],"curies":[{"name":"wp","href":"https:\/\/api.w.org\/{rel}","templated":true}]}}