{"id":17978,"date":"2021-10-21T17:11:07","date_gmt":"2021-10-21T20:11:07","guid":{"rendered":"https:\/\/sym-epis.com.br\/site\/?post_type=product&#038;p=17978"},"modified":"2025-12-04T16:30:20","modified_gmt":"2025-12-04T19:30:20","slug":"sapato-10vt48a-elastico-c-b-aco-n35-ca-43341-marluvas-vulcaflex","status":"publish","type":"product","link":"https:\/\/symepis.com.br\/loja\/produto\/sapato-10vt48a-elastico-c-b-aco-n35-ca-43341-marluvas-vulcaflex\/","title":{"rendered":"Sapato 10vt48a Elastico C\/b Aco Ca 43341 Marluvas \/Vulcaflex"},"content":{"rendered":"<p>Cal\u00e7ado de seguran\u00e7a, tipo t\u00eanis, com fechamento em el\u00e1stico nas laterais, confeccionado em couro preto curtido ao cromo, palmilha de montagem em TNT \u2013 Tecido n\u00e3o tecido resinado na cor branca, costurada pelo processo strobel, forro interno em TNT tecido n\u00e3o tecido na cor cinza, solado em poliuretano bidensidade, injetado diretamente ao cabedal na cor preta, com resist\u00eancia ao \u00f3leo combust\u00edvel e a absor\u00e7\u00e3o de energia no salto, biqueira de a\u00e7o.<\/p>\n\n    <div class=\"xs_social_share_widget xs_share_url after_content \t\tmain_content  wslu-style-1 wslu-share-box-shaped wslu-fill-colored wslu-none wslu-share-horizontal wslu-theme-font-no wslu-main_content\">\n\n\t\t\n        <ul>\n\t\t\t        <\/ul>\n    <\/div> \n","protected":false},"excerpt":{"rendered":"<p>Cal\u00e7ado de seguran\u00e7a, tipo t\u00eanis, com fechamento em el\u00e1stico nas laterais, confeccionado em couro preto curtido ao cromo, palmilha de montagem em TNT \u2013 Tecido n\u00e3o tecido resinado na cor branca, costurada pelo processo strobel, forro interno em TNT tecido n\u00e3o tecido na cor cinza, solado em poliuretano bidensidade, injetado diretamente ao cabedal na cor [&hellip;]<\/p>\n","protected":false},"featured_media":17201,"comment_status":"open","ping_status":"closed","template":"","meta":{"postBodyCss":"","postBodyMargin":[],"postBodyPadding":[],"postBodyBackground":{"backgroundType":"classic","gradient":""}},"product_brand":[485],"product_cat":[473],"product_tag":[380],"class_list":{"0":"post-17978","1":"product","2":"type-product","3":"status-publish","4":"has-post-thumbnail","6":"product_brand-marluvas","7":"product_cat-protecao-aos-pes","8":"product_tag-botinas-sapato-bota","10":"first","11":"instock","12":"taxable","13":"shipping-taxable","14":"purchasable","15":"product-type-variable"},"_links":{"self":[{"href":"https:\/\/symepis.com.br\/loja\/wp-json\/wp\/v2\/product\/17978","targetHints":{"allow":["GET"]}}],"collection":[{"href":"https:\/\/symepis.com.br\/loja\/wp-json\/wp\/v2\/product"}],"about":[{"href":"https:\/\/symepis.com.br\/loja\/wp-json\/wp\/v2\/types\/product"}],"replies":[{"embeddable":true,"href":"https:\/\/symepis.com.br\/loja\/wp-json\/wp\/v2\/comments?post=17978"}],"wp:featuredmedia":[{"embeddable":true,"href":"https:\/\/symepis.com.br\/loja\/wp-json\/wp\/v2\/media\/17201"}],"wp:attachment":[{"href":"https:\/\/symepis.com.br\/loja\/wp-json\/wp\/v2\/media?parent=17978"}],"wp:term":[{"taxonomy":"product_brand","embeddable":true,"href":"https:\/\/symepis.com.br\/loja\/wp-json\/wp\/v2\/product_brand?post=17978"},{"taxonomy":"product_cat","embeddable":true,"href":"https:\/\/symepis.com.br\/loja\/wp-json\/wp\/v2\/product_cat?post=17978"},{"taxonomy":"product_tag","embeddable":true,"href":"https:\/\/symepis.com.br\/loja\/wp-json\/wp\/v2\/product_tag?post=17978"}],"curies":[{"name":"wp","href":"https:\/\/api.w.org\/{rel}","templated":true}]}}