{"id":17971,"date":"2021-10-21T17:11:07","date_gmt":"2021-10-21T20:11:07","guid":{"rendered":"https:\/\/sym-epis.com.br\/site\/?post_type=product&#038;p=17971"},"modified":"2025-11-14T16:51:48","modified_gmt":"2025-11-14T19:51:48","slug":"japona-termica-frigorifica-azul-ca-10975-maicol","status":"publish","type":"product","link":"https:\/\/symepis.com.br\/loja\/produto\/japona-termica-frigorifica-azul-ca-10975-maicol\/","title":{"rendered":"Japona T\u00e9rmica Frigorifica Azul Ca 10975 Maicol"},"content":{"rendered":"<p>Japona Frigor\u00edfica Nylon 150g\/m\u00b2 Manta Maicol (CA 10975)<\/p>\n<p>A Japona Frigor\u00edfica Maicol \u00e9 ideal para ambientes de baixas temperaturas, como frigor\u00edficos e c\u00e2maras frias. Confeccionada em nylon 330 de alta qualidade, ela possui um forro de manta acr\u00edlica de 150g\/m\u00b2, proporcionando excelente isolamento t\u00e9rmico e resist\u00eancia a temperaturas de at\u00e9 -45\u00b0C1.<\/p>\n<p><strong>Caracter\u00edsticas:<br \/>\n<\/strong>Material: Nylon com forro de manta acr\u00edlica de matelass\u00ea.<br \/>\nFechamento: Velcro e tr\u00eas bot\u00f5es de press\u00e3o met\u00e1licos.<br \/>\nDesign: Mangas longas, punho em malha, capuz ajust\u00e1vel.<br \/>\nProte\u00e7\u00e3o: Indicada para prote\u00e7\u00e3o do cr\u00e2nio, pesco\u00e7o, tronco e membros superiores contra agentes t\u00e9rmicos.<br \/>\nTemperatura: Eficaz para ambientes com temperaturas abaixo de -45\u00b0C2.<\/p>\n<p><strong>Aplica\u00e7\u00f5es:<br \/>\n<\/strong>Frigor\u00edficos<br \/>\nC\u00e2maras frias<br \/>\nRestaurantes<br \/>\nSupermercados<br \/>\nA\u00e7ougues<\/p>\n<p>Dispon\u00edvel em v\u00e1rias cores e tamanhos, a Japona Frigor\u00edfica Maicol \u00e9 uma escolha confi\u00e1vel para quem precisa de prote\u00e7\u00e3o t\u00e9rmica eficiente e dur\u00e1vel.<\/p>\n<p><a href=\"https:\/\/drive.google.com\/file\/d\/15bRpGHbBCjHJvG8fX3nufxpn9WmOUUlw\/view?usp=drive_link\">Baixe nossa ficha t\u00e9cnica<\/a><\/p>\n\n    <div class=\"xs_social_share_widget xs_share_url after_content \t\tmain_content  wslu-style-1 wslu-share-box-shaped wslu-fill-colored wslu-none wslu-share-horizontal wslu-theme-font-no wslu-main_content\">\n\n\t\t\n        <ul>\n\t\t\t        <\/ul>\n    <\/div> \n","protected":false},"excerpt":{"rendered":"<p>Japona Frigor\u00edfica Nylon 150g\/m\u00b2 Manta Maicol (CA 10975) A Japona Frigor\u00edfica Maicol \u00e9 ideal para ambientes de baixas temperaturas, como frigor\u00edficos e c\u00e2maras frias. Confeccionada em nylon 330 de alta qualidade, ela possui um forro de manta acr\u00edlica de 150g\/m\u00b2, proporcionando excelente isolamento t\u00e9rmico e resist\u00eancia a temperaturas de at\u00e9 -45\u00b0C1. Caracter\u00edsticas: Material: Nylon com [&hellip;]<\/p>\n","protected":false},"featured_media":17371,"comment_status":"open","ping_status":"closed","template":"","meta":{"postBodyCss":"","postBodyMargin":[],"postBodyPadding":[],"postBodyBackground":{"backgroundType":"classic","gradient":""}},"product_brand":[],"product_cat":[314],"product_tag":[],"class_list":{"0":"post-17971","1":"product","2":"type-product","3":"status-publish","4":"has-post-thumbnail","6":"product_cat-protecao-termica","8":"first","9":"instock","10":"taxable","11":"shipping-taxable","12":"purchasable","13":"product-type-variable"},"_links":{"self":[{"href":"https:\/\/symepis.com.br\/loja\/wp-json\/wp\/v2\/product\/17971","targetHints":{"allow":["GET"]}}],"collection":[{"href":"https:\/\/symepis.com.br\/loja\/wp-json\/wp\/v2\/product"}],"about":[{"href":"https:\/\/symepis.com.br\/loja\/wp-json\/wp\/v2\/types\/product"}],"replies":[{"embeddable":true,"href":"https:\/\/symepis.com.br\/loja\/wp-json\/wp\/v2\/comments?post=17971"}],"wp:featuredmedia":[{"embeddable":true,"href":"https:\/\/symepis.com.br\/loja\/wp-json\/wp\/v2\/media\/17371"}],"wp:attachment":[{"href":"https:\/\/symepis.com.br\/loja\/wp-json\/wp\/v2\/media?parent=17971"}],"wp:term":[{"taxonomy":"product_brand","embeddable":true,"href":"https:\/\/symepis.com.br\/loja\/wp-json\/wp\/v2\/product_brand?post=17971"},{"taxonomy":"product_cat","embeddable":true,"href":"https:\/\/symepis.com.br\/loja\/wp-json\/wp\/v2\/product_cat?post=17971"},{"taxonomy":"product_tag","embeddable":true,"href":"https:\/\/symepis.com.br\/loja\/wp-json\/wp\/v2\/product_tag?post=17971"}],"curies":[{"name":"wp","href":"https:\/\/api.w.org\/{rel}","templated":true}]}}