{"id":17969,"date":"2021-10-21T17:11:07","date_gmt":"2021-10-21T20:11:07","guid":{"rendered":"https:\/\/sym-epis.com.br\/site\/?post_type=product&#038;p=17969"},"modified":"2025-12-04T08:59:52","modified_gmt":"2025-12-04T11:59:52","slug":"mangote-termico-para-cozinha-radiant-heat-azul-ca-29596-rio-valley","status":"publish","type":"product","link":"https:\/\/symepis.com.br\/loja\/produto\/mangote-termico-para-cozinha-radiant-heat-azul-ca-29596-rio-valley\/","title":{"rendered":"Mangote Termico Para Cozinha Radiant Heat Azul Ca 29596 Rio Valley"},"content":{"rendered":"<p>Mangote para prote\u00e7\u00e3o do bra\u00e7o e do antebra\u00e7o contra agentes t\u00e9rmicos, confeccionado em tecido de algod\u00e3o com tratamento retardante a chama, impermeabilizado e costuras em linha de aramida.<\/p>\n\n    <div class=\"xs_social_share_widget xs_share_url after_content \t\tmain_content  wslu-style-1 wslu-share-box-shaped wslu-fill-colored wslu-none wslu-share-horizontal wslu-theme-font-no wslu-main_content\">\n\n\t\t\n        <ul>\n\t\t\t        <\/ul>\n    <\/div> \n","protected":false},"excerpt":{"rendered":"<p>Mangote para prote\u00e7\u00e3o do bra\u00e7o e do antebra\u00e7o contra agentes t\u00e9rmicos, confeccionado em tecido de algod\u00e3o com tratamento retardante a chama, impermeabilizado e costuras em linha de aramida.<\/p>\n","protected":false},"featured_media":17378,"comment_status":"open","ping_status":"closed","template":"","meta":{"postBodyCss":"","postBodyMargin":[],"postBodyPadding":[],"postBodyBackground":{"backgroundType":"classic","gradient":""}},"product_brand":[483],"product_cat":[315,314],"product_tag":[378],"class_list":{"0":"post-17969","1":"product","2":"type-product","3":"status-publish","4":"has-post-thumbnail","6":"product_brand-rio-valley","7":"product_cat-protecao-maos-e-bracos","8":"product_cat-protecao-termica","9":"product_tag-mangote-termico","11":"first","12":"instock","13":"taxable","14":"shipping-taxable","15":"purchasable","16":"product-type-simple"},"_links":{"self":[{"href":"https:\/\/symepis.com.br\/loja\/wp-json\/wp\/v2\/product\/17969","targetHints":{"allow":["GET"]}}],"collection":[{"href":"https:\/\/symepis.com.br\/loja\/wp-json\/wp\/v2\/product"}],"about":[{"href":"https:\/\/symepis.com.br\/loja\/wp-json\/wp\/v2\/types\/product"}],"replies":[{"embeddable":true,"href":"https:\/\/symepis.com.br\/loja\/wp-json\/wp\/v2\/comments?post=17969"}],"wp:featuredmedia":[{"embeddable":true,"href":"https:\/\/symepis.com.br\/loja\/wp-json\/wp\/v2\/media\/17378"}],"wp:attachment":[{"href":"https:\/\/symepis.com.br\/loja\/wp-json\/wp\/v2\/media?parent=17969"}],"wp:term":[{"taxonomy":"product_brand","embeddable":true,"href":"https:\/\/symepis.com.br\/loja\/wp-json\/wp\/v2\/product_brand?post=17969"},{"taxonomy":"product_cat","embeddable":true,"href":"https:\/\/symepis.com.br\/loja\/wp-json\/wp\/v2\/product_cat?post=17969"},{"taxonomy":"product_tag","embeddable":true,"href":"https:\/\/symepis.com.br\/loja\/wp-json\/wp\/v2\/product_tag?post=17969"}],"curies":[{"name":"wp","href":"https:\/\/api.w.org\/{rel}","templated":true}]}}