{"id":17964,"date":"2021-10-21T17:11:06","date_gmt":"2021-10-21T20:11:06","guid":{"rendered":"https:\/\/sym-epis.com.br\/site\/?post_type=product&#038;p=17964"},"modified":"2025-12-03T17:36:14","modified_gmt":"2025-12-03T20:36:14","slug":"luva-para-cozinha-kombat-heat-creme-5-dedos-45cm-ca-49963-rio-valley","status":"publish","type":"product","link":"https:\/\/symepis.com.br\/loja\/produto\/luva-para-cozinha-kombat-heat-creme-5-dedos-45cm-ca-49963-rio-valley\/","title":{"rendered":"Luva Para Cozinha Kombat Heat Creme 5 Dedos 45cm Ca 49963 Rio Valley"},"content":{"rendered":"<p>Luva de seguran\u00e7a confeccionada em tecido de algod\u00e3o com tratamento retardante a chamas, impermeabilizada, com forro destac\u00e1vel.<\/p>\n\n    <div class=\"xs_social_share_widget xs_share_url after_content \t\tmain_content  wslu-style-1 wslu-share-box-shaped wslu-fill-colored wslu-none wslu-share-horizontal wslu-theme-font-no wslu-main_content\">\n\n\t\t\n        <ul>\n\t\t\t        <\/ul>\n    <\/div> \n","protected":false},"excerpt":{"rendered":"<p>Luva de seguran\u00e7a confeccionada em tecido de algod\u00e3o com tratamento retardante a chamas, impermeabilizada, com forro destac\u00e1vel.<\/p>\n","protected":false},"featured_media":17166,"comment_status":"open","ping_status":"closed","template":"","meta":{"postBodyCss":"","postBodyMargin":[],"postBodyPadding":[],"postBodyBackground":{"backgroundType":"classic","gradient":""}},"product_brand":[483],"product_cat":[315,314],"product_tag":[377],"class_list":{"0":"post-17964","1":"product","2":"type-product","3":"status-publish","4":"has-post-thumbnail","6":"product_brand-rio-valley","7":"product_cat-protecao-maos-e-bracos","8":"product_cat-protecao-termica","9":"product_tag-luvas-termicas","11":"first","12":"instock","13":"taxable","14":"shipping-taxable","15":"purchasable","16":"product-type-simple"},"_links":{"self":[{"href":"https:\/\/symepis.com.br\/loja\/wp-json\/wp\/v2\/product\/17964","targetHints":{"allow":["GET"]}}],"collection":[{"href":"https:\/\/symepis.com.br\/loja\/wp-json\/wp\/v2\/product"}],"about":[{"href":"https:\/\/symepis.com.br\/loja\/wp-json\/wp\/v2\/types\/product"}],"replies":[{"embeddable":true,"href":"https:\/\/symepis.com.br\/loja\/wp-json\/wp\/v2\/comments?post=17964"}],"wp:featuredmedia":[{"embeddable":true,"href":"https:\/\/symepis.com.br\/loja\/wp-json\/wp\/v2\/media\/17166"}],"wp:attachment":[{"href":"https:\/\/symepis.com.br\/loja\/wp-json\/wp\/v2\/media?parent=17964"}],"wp:term":[{"taxonomy":"product_brand","embeddable":true,"href":"https:\/\/symepis.com.br\/loja\/wp-json\/wp\/v2\/product_brand?post=17964"},{"taxonomy":"product_cat","embeddable":true,"href":"https:\/\/symepis.com.br\/loja\/wp-json\/wp\/v2\/product_cat?post=17964"},{"taxonomy":"product_tag","embeddable":true,"href":"https:\/\/symepis.com.br\/loja\/wp-json\/wp\/v2\/product_tag?post=17964"}],"curies":[{"name":"wp","href":"https:\/\/api.w.org\/{rel}","templated":true}]}}