{"id":17820,"date":"2021-10-21T17:10:09","date_gmt":"2021-10-21T20:10:09","guid":{"rendered":"https:\/\/sym-epis.com.br\/site\/?post_type=product&#038;p=17820"},"modified":"2025-12-04T16:46:12","modified_gmt":"2025-12-04T19:46:12","slug":"capa-de-chuva-pvc-laminado-g-ca-15974-plastseg","status":"publish","type":"product","link":"https:\/\/symepis.com.br\/loja\/produto\/capa-de-chuva-pvc-laminado-g-ca-15974-plastseg\/","title":{"rendered":"Capa De Chuva Pvc Laminado G Ca 15974 Plastseg"},"content":{"rendered":"<p>Capa de seguran\u00e7a, confeccionada em PVC laminado; fechamento frontal atrav\u00e9s de quatro bot\u00f5es pl\u00e1sticos de press\u00e3o, costuras atrav\u00e9s de solda eletr\u00f4nica.<\/p>\n\n    <div class=\"xs_social_share_widget xs_share_url after_content \t\tmain_content  wslu-style-1 wslu-share-box-shaped wslu-fill-colored wslu-none wslu-share-horizontal wslu-theme-font-no wslu-main_content\">\n\n\t\t\n        <ul>\n\t\t\t        <\/ul>\n    <\/div> \n","protected":false},"excerpt":{"rendered":"<p>Capa de seguran\u00e7a, confeccionada em PVC laminado; fechamento frontal atrav\u00e9s de quatro bot\u00f5es pl\u00e1sticos de press\u00e3o, costuras atrav\u00e9s de solda eletr\u00f4nica.<\/p>\n","protected":false},"featured_media":17406,"comment_status":"open","ping_status":"closed","template":"","meta":{"postBodyCss":"","postBodyMargin":[],"postBodyPadding":[],"postBodyBackground":{"backgroundType":"classic","gradient":""}},"product_brand":[484],"product_cat":[468,309],"product_tag":[337,339],"class_list":{"0":"post-17820","1":"product","2":"type-product","3":"status-publish","4":"has-post-thumbnail","6":"product_brand-plastseg","7":"product_cat-impermeaveis","8":"product_cat-vestuario-de-protecao","9":"product_tag-capas-de-chuva","10":"product_tag-plastseg","12":"first","13":"instock","14":"taxable","15":"shipping-taxable","16":"purchasable","17":"product-type-variable"},"_links":{"self":[{"href":"https:\/\/symepis.com.br\/loja\/wp-json\/wp\/v2\/product\/17820","targetHints":{"allow":["GET"]}}],"collection":[{"href":"https:\/\/symepis.com.br\/loja\/wp-json\/wp\/v2\/product"}],"about":[{"href":"https:\/\/symepis.com.br\/loja\/wp-json\/wp\/v2\/types\/product"}],"replies":[{"embeddable":true,"href":"https:\/\/symepis.com.br\/loja\/wp-json\/wp\/v2\/comments?post=17820"}],"wp:featuredmedia":[{"embeddable":true,"href":"https:\/\/symepis.com.br\/loja\/wp-json\/wp\/v2\/media\/17406"}],"wp:attachment":[{"href":"https:\/\/symepis.com.br\/loja\/wp-json\/wp\/v2\/media?parent=17820"}],"wp:term":[{"taxonomy":"product_brand","embeddable":true,"href":"https:\/\/symepis.com.br\/loja\/wp-json\/wp\/v2\/product_brand?post=17820"},{"taxonomy":"product_cat","embeddable":true,"href":"https:\/\/symepis.com.br\/loja\/wp-json\/wp\/v2\/product_cat?post=17820"},{"taxonomy":"product_tag","embeddable":true,"href":"https:\/\/symepis.com.br\/loja\/wp-json\/wp\/v2\/product_tag?post=17820"}],"curies":[{"name":"wp","href":"https:\/\/api.w.org\/{rel}","templated":true}]}}